{"id":12390,"date":"2017-03-08T00:01:20","date_gmt":"2017-03-08T05:01:20","guid":{"rendered":"https:\/\/portesfenetrescaruso.com\/main\/?page_id=12390"},"modified":"2020-08-10T05:16:16","modified_gmt":"2020-08-10T09:16:16","slug":"coulissantes","status":"publish","type":"page","link":"https:\/\/portesfenetrescaruso.com\/main\/coulissantes\/","title":{"rendered":"Coulissantes"},"content":{"rendered":"<p>[vc_row css=&#8221;.vc_custom_1502768614524{margin-top: -6% !important;}&#8221;][vc_column width=&#8221;1\/6&#8243;]<div class=\"ult-spacer spacer-69e78cecc4021\" data-id=\"69e78cecc4021\" data-height=\"115\" data-height-mobile=\"52\" data-height-tab=\"45\" style=\"clear:both;display:block;\"><\/div>[vc_single_image image=&#8221;12935&#8243; img_size=&#8221;250&#215;250&#8243; style=&#8221;vc_box_rounded&#8221;]<div class=\"ult-spacer spacer-69e78cecc404c\" data-id=\"69e78cecc404c\" data-height=\"25\" data-height-mobile=\"5\" data-height-tab=\"15\" style=\"clear:both;display:block;\"><\/div><div id=\"dfd-single-image-module69e78cecc457f-6961\" class=\"dfd-single-image-module  image-center \" ><img src=\"https:\/\/portesfenetrescaruso.com\/main\/wp-content\/uploads\/2016\/09\/469px-Energy_Star_logo.svg-50x50.png\" width=\"50\" height=\"50\"  alt=\"Image module\" \/><\/div><div class=\"ult-spacer spacer-69e78cecc45a6\" data-id=\"69e78cecc45a6\" data-height=\"45\" data-height-mobile=\"15\" data-height-tab=\"25\" style=\"clear:both;display:block;\"><\/div>[vc_column_text]<strong><a style=\"color: #cc0000;\" href=\"https:\/\/portesfenetrescaruso.com\/main\/fr\/realisations\/\">Voir Nos R\u00e9alisations<\/a><\/strong>[\/vc_column_text][\/vc_column][vc_column width=&#8221;2\/3&#8243;][vc_column_text]<\/p>\n<h2 style=\"text-align: center;\">Fen\u00eatres Coulissantes<\/h2>\n<p style=\"text-align: center;\"><strong>APPARENCE CONTEMPORAINE &#8211; EXCELLENTE VENTILATION &#8211; VUE SANS OBSTRUCTION<\/strong><\/p>\n<p>Ces fen\u00eatres de qualit\u00e9 sup\u00e9rieure exc\u00e8dent les normes les plus \u00e9lev\u00e9es de l\u2019industrie. Confort accru, co\u00fbts d\u2019\u00e9nergie r\u00e9duits, r\u00e9sistance \u00e0 toute \u00e9preuve et apparence soign\u00e9e: la meilleure valeur ajout\u00e9e possible pour votre maison!<\/p>\n<ul>\n<li><strong><strong>LA PERFORMANCE ABSOLUE TOUT CLIMAT<\/strong><\/strong><\/li>\n<li><strong>UNE DURABILIT\u00c9 SANS \u00c9GALE<\/strong><\/li>\n<li><strong>UNE APPARENCE SOIGN\u00c9E DES ANN\u00c9ES DURANT<\/strong><\/li>\n<\/ul>\n<p>V\u00e9ritables barri\u00e8res aux courants d\u2019air, ces fen\u00eateres sont ultra-\u00e9tanches et atteignent les meilleures performances de l\u2019industrie. Et moins de changements d\u2019air se traduit par des \u00e9conomies d\u2019\u00e9nergie!<\/p>\n<h6 style=\"text-align: center;\">LE CHOIX DES PROPRI\u00c9TAIRES QUI NE FONT PAS DE COMPROMIS!<\/h6>\n<p>[\/vc_column_text][\/vc_column][vc_column column_parallax=&#8221;dfd-column-parallax&#8221; width=&#8221;1\/6&#8243;]<div class=\"ult-spacer spacer-69e78cecc45c2\" data-id=\"69e78cecc45c2\" data-height=\"115\" data-height-mobile=\"52\" data-height-tab=\"45\" style=\"clear:both;display:block;\"><\/div>[vc_column_text css=&#8221;.vc_custom_1508524513572{border-radius: 2px !important;}&#8221;]<\/p>\n<h6><strong>En Savoir Plus<\/strong><\/h6>\n<p><strong><a style=\"color: #cc0000;\" href=\"https:\/\/portesfenetrescaruso.com\/main\/fr\/auvents\/\">Fen\u00eatres Auvents<\/a><\/strong><\/p>\n<p><strong><a style=\"color: #cc0000;\" href=\"https:\/\/portesfenetrescaruso.com\/main\/fr\/battants\/\">Fen\u00eatres \u00e0 Battants<\/a><\/strong><\/p>\n<p><strong><a style=\"color: #cc0000;\" href=\"https:\/\/portesfenetrescaruso.com\/main\/fr\/coulissantes\/\">Fen\u00eatres Coulissantes<\/a><\/strong><\/p>\n<p><strong><a style=\"color: #cc0000;\" href=\"https:\/\/portesfenetrescaruso.com\/main\/fr\/guillotines\/\">Fen\u00eatres Guillotines<\/a><\/strong><\/p>\n<p><strong><a style=\"color: #cc0000;\" href=\"https:\/\/portesfenetrescaruso.com\/main\/fr\/bay\/\">Fen\u00eatres en Saillie<\/a><\/strong><\/p>\n<p><strong><a style=\"color: #cc0000;\" href=\"https:\/\/portesfenetrescaruso.com\/main\/fr\/architecturale\/\">Fen\u00eatres Architecturale<\/a><\/strong>[\/vc_column_text][\/vc_column][\/vc_row][vc_row][vc_column]<div class=\"dfd-spacer-module\"  data-units=\"px\" data-wide_resolution=\"1280\" data-wide_size=\"25\" data-normal_resolution=\"1024\" data-normal_size=\"\" data-tablet_resolution=\"800\" data-tablet_size=\"\" data-mobile_resolution=\"480\" data-mobile_size=\"\" style=\"height: 25px;\"><\/div>[\/vc_column][\/vc_row][vc_row force_equal_height_columns=&#8221;off&#8221; dfd_row_config=&#8221;full_width_content&#8221;][vc_column][vc_tta_tabs style=&#8221;modern&#8221; color=&#8221;blue&#8221; active_section=&#8221;1&#8243;][vc_tta_section title=&#8221;Coulissantes PVC &#8211; Blanc&#8221; tab_id=&#8221;1441874218832-398800e3-835e726b-c6f9&#8243;][vc_row_inner][vc_column_inner width=&#8221;1\/4&#8243;][vc_single_image image=&#8221;12881&#8243; img_size=&#8221;medium&#8221;]<div class=\"dfd-spacer-module\"  data-units=\"px\" data-wide_resolution=\"1280\" data-wide_size=\"25\" data-normal_resolution=\"1024\" data-normal_size=\"25\" data-tablet_resolution=\"800\" data-tablet_size=\"20\" data-mobile_resolution=\"480\" data-mobile_size=\"10\" style=\"height: 25px;\"><\/div>[vc_column_text]<strong>Choix des Couleurs:<\/strong><\/p>\n<p><strong>&#8212; Blanc Seulement<\/strong>[\/vc_column_text][\/vc_column_inner][vc_column_inner width=&#8221;3\/4&#8243;][vc_column_text]<\/p>\n<p style=\"text-align: center;\"><strong>COULISSANTES PVC BLANC<br \/>\n<\/strong><\/p>\n<h6>Un PVC plus performant<\/h6>\n<p>Une conception judicieuse de fen\u00eatres commence par l\u2019utilisation d\u2019une bonne formule de PVC. Depuis plus de 30 ans, cette formule exclusive est constamment test\u00e9e afin d\u2019optimiser les propri\u00e9t\u00e9s m\u00e9caniques et physiques des profil\u00e9s en PVC et d\u2019assurer, au final, votre satisfaction.<\/p>\n<p>R\u00e9sultat : aucun extrudeur n\u2019a encore su \u00e9galer la performance de la formule de PVC de Bor\u00e9al !<\/p>\n<ul>\n<li><strong>R\u00e9sistance incomparable aux impacts et robustesse maximale durant tout le cycle de vie du produit. <\/strong><\/li>\n<li><strong>Pas d\u2019alt\u00e9ration de la couleur ! Le PVC Bor\u00e9al ne jaunit pas et ne se d\u00e9colore pas avec le temps.<\/strong> Nos fen\u00eatres en PVC conservent ainsi une belle apparence au fil des ans.<\/li>\n<li><strong>Durabilit\u00e9 maximis\u00e9e de vos fen\u00eatres<\/strong> puisque notre PVC ne s\u2019effritera pas, ne p\u00e8lera pas et ne s\u2019\u00e9caillera pas.<\/li>\n<li><strong>Tr\u00e8s grande facilit\u00e9 d\u2019entretien<\/strong> du fait de son aspect semi-lustr\u00e9 et de sa faible porosit\u00e9.<\/li>\n<\/ul>\n<h6>Des profil\u00e9s mieux pens\u00e9s<\/h6>\n<p>En concevant ses profil\u00e9s, on s\u2019assure toujours qu\u2019ils aient toutes les caract\u00e9ristiques requises pour des produits de haute performance. Parce que la perfection est dans les d\u00e9tails !<\/p>\n<ul class=\"with-image\">\n<li><strong>Profil\u00e9s multichambres :<\/strong> demandez \u00e0 voir une section des produits qui vous int\u00e9ressent et comparez leur nombre de chambres. Cette construction unique rend les profil\u00e9s imbattables au niveau de la solidit\u00e9, de l\u2019isolation thermique et de la r\u00e9sistance aux intrusions. Ils surpassent ainsi les autres profil\u00e9s de l\u2019industrie.<\/li>\n<li><strong>Double parois et \u00e9paisseur des murs externes et internes :<\/strong> 1,8 \u00e0 2 mm pour les parois ext\u00e9rieures et 1,3 mm pour les parois int\u00e9rieures. Cela nous permet d\u2019augmenter les surfaces de soudage et ce qui rend les produits plus robustes, plus isolants et plus r\u00e9sistants aux impacts.<\/li>\n<li><strong>Des chambres con\u00e7ues pour un drainage efficace de l\u2019eau sans toucher les renforts d\u2019acier <\/strong>afin d\u2019\u00e9viter les coulisses de rouille \u00e0 l\u2019ext\u00e9rieur. Un avantage particuli\u00e8rement important pour les fen\u00eatres de grande dimension avec renforts d\u2019acier.<\/li>\n<li class=\"image-right\"><strong>Des vis de quincaillerie qui p\u00e9n\u00e8trent toujours deux cloisons <\/strong>pour une solidit\u00e9 et une long\u00e9vit\u00e9 optimales des installations.<br \/>\n<img decoding=\"async\" src=\"http:\/\/www.phtech.ca\/assets\/img\/ph-tech-quality\/vis.png\" alt=\"Des vis de quincaillerie qui p\u00e9n\u00e8trent toujours deux cloisons\" \/><\/li>\n<li class=\"image-right\"><strong>Une combinaison de coupe-froids<\/strong> pour une isolation thermique accrue et un syst\u00e8me de protection des coupe-froids pour leur assurer une usure r\u00e9duite au maximum.<br \/>\n<img decoding=\"async\" src=\"http:\/\/www.phtech.ca\/assets\/img\/ph-tech-quality\/combinaison-de-coupe-froid.png\" alt=\"Une combinaison de coupe-froids\" \/><\/li>\n<li><strong>Des murs de soutien et des cales internes sp\u00e9cialement adapt\u00e9s<\/strong> pour chaque \u00e9paisseur de verre afin d&#8217;emp\u00eacher l\u2019affaissement des verres (d\u00e9lamination) et limiter les bris thermiques. De l\u2019aveu m\u00eame des fournisseurs de verre, les produits de Bor\u00e9al auraient l\u2019un des taux de remplacement de verre les plus bas du march\u00e9.<\/li>\n<li><strong>Une conception et un emboitement g\u00e9n\u00e9reux des pi\u00e8ces<\/strong> qui maximisent les possibilit\u00e9s d\u2019ajustement et facilitent l\u2019installation en toutes conditions.<\/li>\n<\/ul>\n<p>[\/vc_column_text][\/vc_column_inner][\/vc_row_inner][\/vc_tta_section][vc_tta_section title=&#8221;Coulissantes Hybride&#8221; tab_id=&#8221;1494480520760-1b1b0b85-39dc&#8221;][vc_row_inner][vc_column_inner width=&#8221;1\/4&#8243;][vc_single_image image=&#8221;12916&#8243; img_size=&#8221;200&#215;300&#8243; style=&#8221;vc_box_rounded&#8221;][vc_single_image image=&#8221;12884&#8243; img_size=&#8221;200&#215;300&#8243; style=&#8221;vc_box_rounded&#8221;]<div class=\"dfd-spacer-module\"  data-units=\"px\" data-wide_resolution=\"1280\" data-wide_size=\"25\" data-normal_resolution=\"1024\" data-normal_size=\"15\" data-tablet_resolution=\"800\" data-tablet_size=\"10\" data-mobile_resolution=\"480\" data-mobile_size=\"5\" style=\"height: 25px;\"><\/div>[\/vc_column_inner][vc_column_inner width=&#8221;3\/4&#8243;][vc_column_text]<\/p>\n<p style=\"text-align: center;\"><strong>COULISSANTES HYBRIDE<\/strong><\/p>\n<h6>Choix des couleurs<\/h6>\n<h6><img decoding=\"async\" loading=\"lazy\" class=\"alignleft wp-image-13079 size-full\" src=\"https:\/\/portesfenetrescaruso.com\/main\/wp-content\/uploads\/2017\/05\/caruso-colo-chart.jpg\" alt=\"\" width=\"900\" height=\"290\" \/><\/h6>\n<h6><\/h6>\n<h6><\/h6>\n<h6><\/h6>\n<h6><\/h6>\n<p>&nbsp;<\/p>\n<h6><\/h6>\n<h6><\/h6>\n<h6><\/h6>\n<h6>Des profil\u00e9s mieux pens\u00e9s<\/h6>\n<p>En concevant ses profil\u00e9s, on s\u2019assure toujours qu\u2019ils aient toutes les caract\u00e9ristiques requises pour des produits de haute performance. Parce que la perfection est dans les d\u00e9tails !<\/p>\n<ul class=\"with-image\">\n<li><strong>Profil\u00e9s multichambres :<\/strong> demandez \u00e0 voir une section des produits qui vous int\u00e9ressent et comparez leur nombre de chambres. Cette construction unique rend les profil\u00e9s imbattables au niveau de la solidit\u00e9, de l\u2019isolation thermique et de la r\u00e9sistance aux intrusions. Ils surpassent ainsi les autres profil\u00e9s de l\u2019industrie.<\/li>\n<li><strong>Double parois et \u00e9paisseur des murs externes et internes :<\/strong> 1,8 \u00e0 2 mm pour les parois ext\u00e9rieures et 1,3 mm pour les parois int\u00e9rieures. Cela nous permet d\u2019augmenter les surfaces de soudage et ce qui rend les produits plus robustes, plus isolants et plus r\u00e9sistants aux impacts.<\/li>\n<li><strong>Des chambres con\u00e7ues pour un drainage efficace de l\u2019eau sans toucher les renforts d\u2019acier <\/strong>afin d\u2019\u00e9viter les coulisses de rouille \u00e0 l\u2019ext\u00e9rieur. Un avantage particuli\u00e8rement important pour les fen\u00eatres de grande dimension avec renforts d\u2019acier.<\/li>\n<li class=\"image-right\"><strong>Des vis de quincaillerie qui p\u00e9n\u00e8trent toujours deux cloisons <\/strong>pour une solidit\u00e9 et une long\u00e9vit\u00e9 optimales des installations.<\/li>\n<li class=\"image-right\"><strong>Une combinaison de coupe-froids<\/strong> pour une isolation thermique accrue et un syst\u00e8me de protection des coupe-froids pour leur assurer une usure r\u00e9duite au maximum.<\/li>\n<li><strong>Des murs de soutien et des cales internes sp\u00e9cialement adapt\u00e9s<\/strong> pour chaque \u00e9paisseur de verre afin d&#8217;emp\u00eacher l\u2019affaissement des verres (d\u00e9lamination) et limiter les bris thermiques. De l\u2019aveu m\u00eame des fournisseurs de verre, les produits auraient l\u2019un des taux de remplacement de verre les plus bas du march\u00e9.<\/li>\n<li><strong>Une conception et un emboitement g\u00e9n\u00e9reux des pi\u00e8ces<\/strong> qui maximisent les possibilit\u00e9s d\u2019ajustement et facilitent l\u2019installation en toutes conditions.<\/li>\n<\/ul>\n<p>[\/vc_column_text][\/vc_column_inner][\/vc_row_inner][\/vc_tta_section][vc_tta_section title=&#8221;Coulissantes Aluminium&#8221; tab_id=&#8221;1508525677035-4cb03461-04b9&#8243;][vc_row_inner][vc_column_inner width=&#8221;1\/4&#8243;][vc_single_image image=&#8221;12885&#8243; img_size=&#8221;200&#215;300&#8243; style=&#8221;vc_box_rounded&#8221;][vc_single_image image=&#8221;12886&#8243; img_size=&#8221;200&#215;300&#8243; style=&#8221;vc_box_rounded&#8221;]<div class=\"dfd-spacer-module\"  data-units=\"px\" data-wide_resolution=\"1280\" data-wide_size=\"25\" data-normal_resolution=\"1024\" data-normal_size=\"15\" data-tablet_resolution=\"800\" data-tablet_size=\"10\" data-mobile_resolution=\"480\" data-mobile_size=\"5\" style=\"height: 25px;\"><\/div>[\/vc_column_inner][vc_column_inner width=&#8221;3\/4&#8243;][vc_column_text]<\/p>\n<p style=\"text-align: center;\"><strong>COULISSANTES ALUMINIUM<br \/>\n<\/strong><\/p>\n<h6>Choix des couleurs<\/h6>\n<h6><img decoding=\"async\" loading=\"lazy\" class=\"alignleft wp-image-13079 size-full\" src=\"https:\/\/portesfenetrescaruso.com\/main\/wp-content\/uploads\/2017\/05\/caruso-colo-chart.jpg\" alt=\"\" width=\"900\" height=\"290\" \/><\/h6>\n<h6><\/h6>\n<h6><\/h6>\n<h6><\/h6>\n<h6><\/h6>\n<p>&nbsp;<\/p>\n<h6><\/h6>\n<h6><\/h6>\n<h6><\/h6>\n<p>[\/vc_column_text][\/vc_column_inner][\/vc_row_inner][\/vc_tta_section][vc_tta_section title=&#8221;Options&#8221; tab_id=&#8221;1502334159114-b86b2033-143b&#8221;]<div class=\"ult-content-box-container \" >\t\t<div class=\"ult-content-box\" style=\"box-shadow: px px px px rgb(234, 234, 234) none;-webkit-transition: all 700ms ease;-moz-transition: all 700ms ease;-ms-transition: all 700ms ease;-o-transition: all 700ms ease;transition: all 700ms ease;\"  data-hover_box_shadow=\"none\"   >[vc_column_text]<strong>Options disponibles<\/strong><\/p>\n<h6>Couleurs<\/h6>\n<p>Si parmi nos couleurs standards vous ne trouvez pas celle que vous d\u00e9sirez, apportez-nous votre \u00e9chantillon et nous la trouverons! Aluminium Caruso offre un choix infini de couleurs pour r\u00e9pondre \u00e0 tous les go\u00fbts. (Hybride seulement)<\/p>\n<h6>Verre \u00e9co\u00e9nerg\u00e9tique (double ou triple)<\/h6>\n<p>Le verre \u00e9nerg\u00e9tique est muni d\u2019un enduit m\u00e9tallique d\u2019une \u00e9paisseur microscopique sur le verre. De plus, un gaz inerte (l\u2019argon) est ajout\u00e9 entre les verres permettant de conserver la chaleur \u00e0 l\u2019int\u00e9rieur en hiver et la fra\u00eecheur, les mois d\u2019\u00e9t\u00e9.<\/p>\n<p>En plus d\u2019\u00e9viter les probl\u00e8mes de condensation, le verre \u00e9nerg\u00e9tique offre une performance in\u00e9gal\u00e9e et des \u00e9conomies substantielles.[\/vc_column_text]\t\t<\/div><\/div><div class=\"dfd-info-banner style-04  text-center\" ><div class=\"info-box-title feature-title\" style=\"font-size: 18px; color: #dd3333 !important; \">Styles de Carrellages et Barrotins<\/div><div class=\"image-cover \"><img src=\"https:\/\/portesfenetrescaruso.com\/main\/wp-content\/uploads\/2017\/05\/optcar-1-1028x580.png\" alt=\"Image\"  width=\"1028\" height=\"580\" class=\"info-banner-image \" \/><\/div><div class=\"content-wrap\"><div class=\"wrap-delimiter\"><div class=\"delimiter\" ><\/div><\/div><\/div><\/div><div class=\"dfd-info-banner style-04  text-center\" ><div class=\"image-cover \"><img src=\"https:\/\/portesfenetrescaruso.com\/main\/wp-content\/uploads\/2017\/05\/carrelages-530x214.jpg\" alt=\"Image\"  width=\"530\" height=\"214\" class=\"info-banner-image \" \/><\/div><div class=\"content-wrap\"><div class=\"wrap-delimiter\"><div class=\"delimiter\" ><\/div><\/div><\/div><\/div>[\/vc_tta_section][\/vc_tta_tabs][\/vc_column][\/vc_row][vc_row][vc_column][vc_column_text]<br \/>\n[\/vc_column_text][\/vc_column][vc_column][\/vc_column][\/vc_row][vc_row force_equal_height_columns=&#8221;no&#8221; dfd_row_config=&#8221;full_width_content_paddings&#8221; bg_check=&#8221;row-background-dark&#8221; css=&#8221;.vc_custom_1473988917507{background-color: #a8b4bf !important;}&#8221;][vc_column width=&#8221;1\/3&#8243; column_prebuilt_classes=&#8221;dfd-mobile-remove-all-borders&#8221; css=&#8221;.vc_custom_1438258519233{border-right-width: 1px !important;padding-right: 5% !important;padding-left: 5% !important;border-right-color: #f2de9c !important;border-right-style: solid !important;}&#8221;]<div class=\"ult-spacer spacer-69e78cecc4fed\" data-id=\"69e78cecc4fed\" data-height=\"80\" data-height-mobile=\"35\" data-height-tab=\"65\" style=\"clear:both;display:block;\"><\/div>[vc_row_inner][vc_column_inner width=&#8221;1\/4&#8243;]<div id=\"ultimate-heading69e78cecc504b\" class=\"uvc-heading dfd-delim-top   cr-animate-gen heading-config-top dfd-disable-resposive-headings\" data-animate-type = \"transition.fadeIn\"  data-hspacer=\"no_spacer\"  data-halign=\"center\" style=\"text-align:center\"><div class=\"uvc-heading-spacer no_spacer\" style=\"\"><\/div><h5 class=\"widget-title uvc-main-heading\" style=\"font-style:normal;font-weight:600;font-size:80px;line-height:67px;letter-spacing:-4px;\">1.<\/h5><\/div>[\/vc_column_inner][vc_column_inner width=&#8221;3\/4&#8243;][vc_column_text item_animation=&#8221;transition.slideDownIn&#8221;]<\/p>\n<p>N&#8217;achetez Pas Sans Nous Consulter!<\/p>\n<p>[\/vc_column_text][\/vc_column_inner][\/vc_row_inner]<div class=\"ult-spacer spacer-69e78cecc5080\" data-id=\"69e78cecc5080\" data-height=\"80\" data-height-mobile=\"35\" data-height-tab=\"65\" style=\"clear:both;display:block;\"><\/div>[\/vc_column][vc_column width=&#8221;1\/3&#8243; column_prebuilt_classes=&#8221;dfd-mobile-remove-all-borders&#8221; css=&#8221;.vc_custom_1438258528976{border-right-width: 1px !important;padding-right: 5% !important;padding-left: 5% !important;border-right-color: #f2de9c !important;border-right-style: solid !important;}&#8221;]<div class=\"ult-spacer spacer-69e78cecc5093\" data-id=\"69e78cecc5093\" data-height=\"80\" data-height-mobile=\"35\" data-height-tab=\"65\" style=\"clear:both;display:block;\"><\/div>[vc_row_inner el_id=&#8221;&#8221;][vc_column_inner width=&#8221;1\/4&#8243;]<div id=\"ultimate-heading69e78cecc50c3\" class=\"uvc-heading dfd-delim-top   cr-animate-gen heading-config-top dfd-disable-resposive-headings\" data-animate-type = \"transition.fadeIn\"  data-hspacer=\"no_spacer\"  data-halign=\"center\" style=\"text-align:center\"><div class=\"uvc-heading-spacer no_spacer\" style=\"\"><\/div><h5 class=\"widget-title uvc-main-heading\" style=\"font-style:normal;font-weight:600;font-size:80px;line-height:67px;letter-spacing:-4px;\">2.<\/h5><\/div>[\/vc_column_inner][vc_column_inner width=&#8221;3\/4&#8243;][vc_column_text item_animation=&#8221;transition.slideDownIn&#8221;]<\/p>\n<p>Installation De Portes et Fen\u00eatres Cl\u00e9 En Main!<\/p>\n<p>[\/vc_column_text][\/vc_column_inner][\/vc_row_inner]<div class=\"ult-spacer spacer-69e78cecc50ec\" data-id=\"69e78cecc50ec\" data-height=\"80\" data-height-mobile=\"35\" data-height-tab=\"65\" style=\"clear:both;display:block;\"><\/div>[\/vc_column][vc_column width=&#8221;1\/3&#8243; css=&#8221;.vc_custom_1438068395567{padding-right: 5% !important;padding-left: 5% !important;}&#8221;]<div class=\"ult-spacer spacer-69e78cecc50fd\" data-id=\"69e78cecc50fd\" data-height=\"80\" data-height-mobile=\"35\" data-height-tab=\"65\" style=\"clear:both;display:block;\"><\/div>[vc_row_inner el_id=&#8221;&#8221;][vc_column_inner width=&#8221;1\/4&#8243;]<div id=\"ultimate-heading69e78cecc512a\" class=\"uvc-heading dfd-delim-top   cr-animate-gen heading-config-top dfd-disable-resposive-headings\" data-animate-type = \"transition.fadeIn\"  data-hspacer=\"no_spacer\"  data-halign=\"center\" style=\"text-align:center\"><div class=\"uvc-heading-spacer no_spacer\" style=\"\"><\/div><h5 class=\"widget-title uvc-main-heading\" style=\"font-style:normal;font-weight:600;font-size:80px;line-height:67px;letter-spacing:-4px;\">3.<\/h5><\/div>[\/vc_column_inner][vc_column_inner width=&#8221;3\/4&#8243;][vc_column_text item_animation=&#8221;transition.slideDownIn&#8221;]<\/p>\n<p>Estimation Gratuite \u00c0 Domicile!<\/p>\n<p>[\/vc_column_text][\/vc_column_inner][\/vc_row_inner]<div class=\"ult-spacer spacer-69e78cecc514f\" data-id=\"69e78cecc514f\" data-height=\"80\" data-height-mobile=\"35\" data-height-tab=\"65\" style=\"clear:both;display:block;\"><\/div>[\/vc_column][\/vc_row][vc_row force_equal_height_columns=&#8221;no&#8221; bg_check=&#8221;row-background-dark&#8221; css=&#8221;.vc_custom_1473988752607{background-color: #1e73be !important;}&#8221;][vc_column width=&#8221;1\/3&#8243;]<div class=\"ult-spacer spacer-69e78cecc5182\" data-id=\"69e78cecc5182\" data-height=\"60\" data-height-mobile=\"25\" data-height-tab=\"45\" style=\"clear:both;display:block;\"><\/div><div id=\"info-box-69e78cecc51dc\" class=\"aio-icon-component   style_1\"><div class=\"aio-icon-box left-icon  cr-animate-gen\" data-animate-type = \"transition.slideDownIn\"  style=\"\"><div class=\"aio-icon-left\"><div class=\"align-icon\" style=\"text-align: center;\">\n<div class=\"aio-icon advanced  \" style=\"color:#333333;background:rgba(255,255,255,0.01);border-style:solid;border-color:#f1db92;border-width:1px;width:70px;height:70px;line-height:70px;border-radius:500px;font-size:29px;display:inline-block !important;\" >\n\t<i class=\"dfd-icon-call_incoming\"><\/i>\n<\/div><\/div><\/div><div class=\"aio-ibd-block\"><div class=\"aio-icon-header\"><div class=\"feature-title\" style=\"\">T\u00e9l:<\/div><\/div><!-- header --><div class=\"aio-icon-description\" style=\"\"><p>514-326-2274<\/p>\n<p>Fax: 514-326-0013<\/p>\n<\/div> <!-- description --><\/div> <!-- aio-ibd-block --><\/div> <!-- aio-icon-box --><\/div> <!-- aio-icon-component --><div class=\"ult-spacer spacer-69e78cecc5349\" data-id=\"69e78cecc5349\" data-height=\"15\" data-height-mobile=\"5\" data-height-tab=\"10\" style=\"clear:both;display:block;\"><\/div>[\/vc_column][vc_column width=&#8221;1\/3&#8243;]<div class=\"ult-spacer spacer-69e78cecc535a\" data-id=\"69e78cecc535a\" data-height=\"60\" data-height-mobile=\"25\" data-height-tab=\"45\" style=\"clear:both;display:block;\"><\/div><div id=\"info-box-69e78cecc537f\" class=\"aio-icon-component   style_1\"><div class=\"aio-icon-box left-icon  cr-animate-gen\" data-animate-type = \"transition.slideDownIn\"  style=\"\"><div class=\"aio-icon-left\"><div class=\"align-icon\" style=\"text-align: center;\">\n<div class=\"aio-icon advanced  \" style=\"color:#333333;background:rgba(255,255,255,0.01);border-style:solid;border-color:#f1db92;border-width:1px;width:70px;height:70px;line-height:70px;border-radius:500px;font-size:29px;display:inline-block !important;\" >\n\t<i class=\"dfd-icon-signpost_2\"><\/i>\n<\/div><\/div><\/div><div class=\"aio-ibd-block\"><div class=\"aio-icon-header\"><div class=\"feature-title\" style=\"\">Adresse:<\/div><\/div><!-- header --><div class=\"aio-icon-description\" style=\"\"><p>5528, De Castille<br \/>\nMontr\u00e9al-Nord, Qc<br \/>\nH1G 3E5<\/p>\n<\/div> <!-- description --><\/div> <!-- aio-ibd-block --><\/div> <!-- aio-icon-box --><\/div> <!-- aio-icon-component --><div class=\"ult-spacer spacer-69e78cecc5432\" data-id=\"69e78cecc5432\" data-height=\"15\" data-height-mobile=\"5\" data-height-tab=\"10\" style=\"clear:both;display:block;\"><\/div>[\/vc_column][vc_column width=&#8221;1\/3&#8243;]<div class=\"ult-spacer spacer-69e78cecc5442\" data-id=\"69e78cecc5442\" data-height=\"60\" data-height-mobile=\"25\" data-height-tab=\"45\" style=\"clear:both;display:block;\"><\/div><div id=\"info-box-69e78cecc5466\" class=\"aio-icon-component   style_1\"><div class=\"aio-icon-box left-icon  cr-animate-gen\" data-animate-type = \"transition.slideDownIn\"  style=\"\"><div class=\"aio-icon-left\"><div class=\"align-icon\" style=\"text-align: center;\">\n<div class=\"aio-icon advanced  \" style=\"color:#333333;background:rgba(255,255,255,0.01);border-style:solid;border-color:#f1db92;border-width:1px;width:70px;height:70px;line-height:70px;border-radius:500px;font-size:29px;display:inline-block !important;\" >\n\t<i class=\"dfd-icon-email_3\"><\/i>\n<\/div><\/div><\/div><div class=\"aio-ibd-block\"><div class=\"aio-icon-header\"><div class=\"feature-title\" style=\"\">Courriel:<\/div><\/div><!-- header --><div class=\"aio-icon-description\" style=\"\"><p><a href=\"https:\/\/portesfenetrescaruso.com\/main\/fr\/contact\/\">Contactez-Nous!<\/a><\/p>\n<\/div> <!-- description --><\/div> <!-- aio-ibd-block --><\/div> <!-- aio-icon-box --><\/div> <!-- aio-icon-component --><div class=\"ult-spacer spacer-69e78cecc5515\" data-id=\"69e78cecc5515\" data-height=\"15\" data-height-mobile=\"5\" data-height-tab=\"10\" style=\"clear:both;display:block;\"><\/div>[\/vc_column][\/vc_row]<\/p>\n","protected":false},"excerpt":{"rendered":"<p>[vc_row css=&#8221;.vc_custom_1502768614524{margin-top: -6% !important;}&#8221;][vc_column width=&#8221;1\/6&#8243;][vc_single_image image=&#8221;12935&#8243; img_size=&#8221;250&#215;250&#8243; style=&#8221;vc_box_rounded&#8221;][vc_column_text]Voir Nos R\u00e9alisations[\/vc_column_text][\/vc_column][vc_column width=&#8221;2\/3&#8243;][vc_column_text] Fen\u00eatres Coulissantes APPARENCE CONTEMPORAINE &#8211; EXCELLENTE VENTILATION &#8211; VUE SANS OBSTRUCTION Ces fen\u00eatres de qualit\u00e9 sup\u00e9rieure exc\u00e8dent les normes<\/p>\n","protected":false},"author":4,"featured_media":0,"parent":0,"menu_order":0,"comment_status":"closed","ping_status":"closed","template":"page-custom-with-header.php","meta":[],"acf":[],"_links":{"self":[{"href":"https:\/\/portesfenetrescaruso.com\/main\/wp-json\/wp\/v2\/pages\/12390"}],"collection":[{"href":"https:\/\/portesfenetrescaruso.com\/main\/wp-json\/wp\/v2\/pages"}],"about":[{"href":"https:\/\/portesfenetrescaruso.com\/main\/wp-json\/wp\/v2\/types\/page"}],"author":[{"embeddable":true,"href":"https:\/\/portesfenetrescaruso.com\/main\/wp-json\/wp\/v2\/users\/4"}],"replies":[{"embeddable":true,"href":"https:\/\/portesfenetrescaruso.com\/main\/wp-json\/wp\/v2\/comments?post=12390"}],"version-history":[{"count":18,"href":"https:\/\/portesfenetrescaruso.com\/main\/wp-json\/wp\/v2\/pages\/12390\/revisions"}],"predecessor-version":[{"id":13152,"href":"https:\/\/portesfenetrescaruso.com\/main\/wp-json\/wp\/v2\/pages\/12390\/revisions\/13152"}],"wp:attachment":[{"href":"https:\/\/portesfenetrescaruso.com\/main\/wp-json\/wp\/v2\/media?parent=12390"}],"curies":[{"name":"wp","href":"https:\/\/api.w.org\/{rel}","templated":true}]}}